{"id":19,"date":"2011-05-24T12:29:03","date_gmt":"2011-05-24T12:29:03","guid":{"rendered":"http:\/\/www.drinkanddraw-tlse.org\/?page_id=19"},"modified":"2012-11-26T15:54:39","modified_gmt":"2012-11-26T15:54:39","slug":"galerie","status":"publish","type":"page","link":"http:\/\/www.drinkanddraw-tlse.org\/?page_id=19","title":{"rendered":"Ce qu&rsquo;on a d\u00e9j\u00e0 fait !"},"content":{"rendered":"<p>Voici un aper\u00e7u des diff\u00e9rentes animations que nous avons r\u00e9alis\u00e9es au cours des pr\u00e9c\u00e9dents Drink and Draw.<\/p>\n<div class=\"shashinPhotoGroups\">\n<div class=\"shashinThumbnailsTable\" id=\"shashinGroup_1\" style=\"margin-left: auto; margin-right: auto;\">\n<div class=\"shashinCaption\"><\/div>\n<div class=\"shashinTableRow\">\n<div class=\"shashinTableCell\" data-original_width=\"33%\" style=\" width: 33%; max-width: 160px;\">\n<div class=\"shashinThumbnailWrapper\"><a href=\"https:\/\/picasaweb.google.com\/105578781906319456393\/DrinkAndDrawLive2012\" id=\"shashinAlbumThumbLink_img_42\" data-ShashinAlbum=\"42\" class=\"shashinAlbumThumbLink\"><img src=\"http:\/\/lh3.ggpht.com\/-tuXgThyssq0\/ULONfCvA3BE\/AAAAAAAAFXs\/oPfuD09oxEQ\/s160-c\/DrinkAndDrawLive2012.jpg\" alt=\"Drink and Draw Live 2012\" title=\"Drink and Draw Live 2012\" width=\"160\" class=\"shashinThumbnailImage\" id=\"shashinThumbnailImage_1\" \/><\/a><\/div>\n<\/div>\n<div class=\"shashinTableCell\" data-original_width=\"33%\" style=\" width: 33%; max-width: 160px;\">\n<div class=\"shashinThumbnailWrapper\"><a href=\"https:\/\/picasaweb.google.com\/105578781906319456393\/DND40MamamamaskII\" id=\"shashinAlbumThumbLink_img_41\" data-ShashinAlbum=\"41\" class=\"shashinAlbumThumbLink\"><img src=\"http:\/\/lh3.ggpht.com\/-fhvkUur14kA\/UJeWAZVnBFE\/AAAAAAAAFKQ\/YLe5J5nEkXo\/s160-c\/DND40MamamamaskII.jpg\" alt=\"DND40 Mamamamask II\" title=\"DND40 Mamamamask II\" width=\"160\" class=\"shashinThumbnailImage\" id=\"shashinThumbnailImage_2\" \/><\/a><\/div>\n<\/div>\n<div class=\"shashinTableCell\" data-original_width=\"33%\" style=\" width: 33%; max-width: 160px;\">\n<div class=\"shashinThumbnailWrapper\"><a href=\"https:\/\/picasaweb.google.com\/105578781906319456393\/DnD38BonnePioche\" id=\"shashinAlbumThumbLink_img_40\" data-ShashinAlbum=\"40\" class=\"shashinAlbumThumbLink\"><img src=\"http:\/\/lh6.ggpht.com\/-qQBHstWfxVE\/UE2rIAM9K1E\/AAAAAAAAFEI\/x9DnG7BvAgU\/s160-c\/DnD38BonnePioche.jpg\" alt=\"DnD38 : Bonne Pioche\" title=\"DnD38 : Bonne Pioche\" width=\"160\" class=\"shashinThumbnailImage\" id=\"shashinThumbnailImage_3\" \/><\/a><\/div>\n<\/div>\n<\/div>\n<div class=\"shashinTableRowClear\">&nbsp;<\/div>\n<div class=\"shashinTableRow\">\n<div class=\"shashinTableCell\" data-original_width=\"33%\" style=\" width: 33%; max-width: 160px;\">\n<div class=\"shashinThumbnailWrapper\"><a href=\"https:\/\/picasaweb.google.com\/105578781906319456393\/DnD37ArcheolographieIV\" id=\"shashinAlbumThumbLink_img_39\" data-ShashinAlbum=\"39\" class=\"shashinAlbumThumbLink\"><img src=\"http:\/\/lh4.ggpht.com\/-kbH8XSwn5HE\/T_rC3mVMv3E\/AAAAAAAAEOU\/dmSDqrcp_Gc\/s160-c\/DnD37ArcheolographieIV.jpg\" alt=\"DnD 37 : Arch\u00e9olographie IV\" title=\"DnD 37 : Arch\u00e9olographie IV\" width=\"160\" class=\"shashinThumbnailImage\" id=\"shashinThumbnailImage_4\" \/><\/a><\/div>\n<\/div>\n<div class=\"shashinTableCell\" data-original_width=\"33%\" style=\" width: 33%; max-width: 160px;\">\n<div class=\"shashinThumbnailWrapper\"><a href=\"https:\/\/picasaweb.google.com\/105578781906319456393\/DnD36ArcheolographieIII\" id=\"shashinAlbumThumbLink_img_38\" data-ShashinAlbum=\"38\" class=\"shashinAlbumThumbLink\"><img src=\"http:\/\/lh3.ggpht.com\/-qNVjN5VxnkM\/T8xkn0FgF3E\/AAAAAAAAELw\/oDPgHunW6R8\/s160-c\/DnD36ArcheolographieIII.jpg\" alt=\"DnD 36 : Arch\u00e9olographie III\" title=\"DnD 36 : Arch\u00e9olographie III\" width=\"160\" class=\"shashinThumbnailImage\" id=\"shashinThumbnailImage_5\" \/><\/a><\/div>\n<\/div>\n<div class=\"shashinTableCell\" data-original_width=\"33%\" style=\" width: 33%; max-width: 160px;\">\n<div class=\"shashinThumbnailWrapper\"><a href=\"https:\/\/picasaweb.google.com\/105578781906319456393\/DrinkAndDraw35DnDthon\" id=\"shashinAlbumThumbLink_img_37\" data-ShashinAlbum=\"37\" class=\"shashinAlbumThumbLink\"><img src=\"http:\/\/lh6.ggpht.com\/-OKdCiQwUyic\/T7t9J-1Qx6E\/AAAAAAAAED4\/ibissQjcJOE\/s160-c\/DrinkAndDraw35DnDthon.jpg\" alt=\"DrinkAndDraw 35 : DnDthon\" title=\"DrinkAndDraw 35 : DnDthon\" width=\"160\" class=\"shashinThumbnailImage\" id=\"shashinThumbnailImage_6\" \/><\/a><\/div>\n<\/div>\n<\/div>\n<div class=\"shashinTableRowClear\">&nbsp;<\/div>\n<div class=\"shashinTableRow\">\n<div class=\"shashinTableCell\" data-original_width=\"33%\" style=\" width: 33%; max-width: 160px;\">\n<div class=\"shashinThumbnailWrapper\"><a href=\"https:\/\/picasaweb.google.com\/105578781906319456393\/DrinkandDraw34AcheolographieII\" id=\"shashinAlbumThumbLink_img_36\" data-ShashinAlbum=\"36\" class=\"shashinAlbumThumbLink\"><img src=\"http:\/\/lh3.ggpht.com\/-lVQ4m4c_Df8\/T4bsDyKSvaE\/AAAAAAAADtE\/XGHenOtlds4\/s160-c\/DrinkandDraw34AcheolographieII.jpg\" alt=\"DrinkandDraw34 : Ach\u00e9olographie II\" title=\"DrinkandDraw34 : Ach\u00e9olographie II\" width=\"160\" class=\"shashinThumbnailImage\" id=\"shashinThumbnailImage_7\" \/><\/a><\/div>\n<\/div>\n<div class=\"shashinTableCell\" data-original_width=\"33%\" style=\" width: 33%; max-width: 160px;\">\n<div class=\"shashinThumbnailWrapper\"><a href=\"https:\/\/picasaweb.google.com\/105578781906319456393\/DrinkAndDraw33DoodleOrDie\" id=\"shashinAlbumThumbLink_img_35\" data-ShashinAlbum=\"35\" class=\"shashinAlbumThumbLink\"><img src=\"http:\/\/lh4.ggpht.com\/-XbJl4rGZiDM\/T2Do9RJP4rE\/AAAAAAAADcE\/ULVFynhm0MQ\/s160-c\/DrinkAndDraw33DoodleOrDie.jpg\" alt=\"Drink and Draw 33 : Doodle or die\" title=\"Drink and Draw 33 : Doodle or die\" width=\"160\" class=\"shashinThumbnailImage\" id=\"shashinThumbnailImage_8\" \/><\/a><\/div>\n<\/div>\n<div class=\"shashinTableCell\" data-original_width=\"33%\" style=\" width: 33%; max-width: 160px;\">\n<div class=\"shashinThumbnailWrapper\"><a href=\"https:\/\/picasaweb.google.com\/105578781906319456393\/DrinkanDraw32MaMaMaMask\" id=\"shashinAlbumThumbLink_img_34\" data-ShashinAlbum=\"34\" class=\"shashinAlbumThumbLink\"><img src=\"http:\/\/lh6.ggpht.com\/-wrvty2HwfvM\/Ty1AMfl011E\/AAAAAAAAEEc\/6_tc4-slWJQ\/s160-c\/DrinkanDraw32MaMaMaMask.jpg\" alt=\"DrinkanDraw32 : Ma-ma-ma-mask\" title=\"DrinkanDraw32 : Ma-ma-ma-mask\" width=\"160\" class=\"shashinThumbnailImage\" id=\"shashinThumbnailImage_9\" \/><\/a><\/div>\n<\/div>\n<\/div>\n<div class=\"shashinTableRowClear\">&nbsp;<\/div>\n<div class=\"shashinTableRow\">\n<div class=\"shashinTableCell\" data-original_width=\"33%\" style=\" width: 33%; max-width: 160px;\">\n<div class=\"shashinThumbnailWrapper\"><a href=\"https:\/\/picasaweb.google.com\/105578781906319456393\/DnD30AcheolographieVol1\" id=\"shashinAlbumThumbLink_img_33\" data-ShashinAlbum=\"33\" class=\"shashinAlbumThumbLink\"><img src=\"http:\/\/lh4.ggpht.com\/-4pTzi1hV9OA\/Tt30zhQZFFE\/AAAAAAAADSg\/-PFWt9m4xec\/s160-c\/DnD30AcheolographieVol1.jpg\" alt=\"DnD 30 : Ach\u00e9olographie vol.1\" title=\"DnD 30 : Ach\u00e9olographie vol.1\" width=\"160\" class=\"shashinThumbnailImage\" id=\"shashinThumbnailImage_10\" \/><\/a><\/div>\n<\/div>\n<div class=\"shashinTableCell\" data-original_width=\"33%\" style=\" width: 33%; max-width: 160px;\">\n<div class=\"shashinThumbnailWrapper\"><a href=\"https:\/\/picasaweb.google.com\/105578781906319456393\/DnD29ElDrinkAndDrawDeLaMuerte?authkey=Gv1sRgCKyGjYnl8-bNVQ\" id=\"shashinAlbumThumbLink_img_32\" data-ShashinAlbum=\"32\" class=\"shashinAlbumThumbLink\"><img src=\"http:\/\/lh6.ggpht.com\/-SymEUzV4l50\/TtZNpG38vdE\/AAAAAAAADQY\/F3JIqNo0nWM\/s160-c\/DnD29ElDrinkAndDrawDeLaMuerte.jpg\" alt=\"DnD29 : El Drink and Draw de la muerte\" title=\"DnD29 : El Drink and Draw de la muerte\" width=\"160\" class=\"shashinThumbnailImage\" id=\"shashinThumbnailImage_11\" \/><\/a><\/div>\n<\/div>\n<div class=\"shashinTableCell\" data-original_width=\"33%\" style=\" width: 33%; max-width: 160px;\">\n<div class=\"shashinThumbnailWrapper\"><a href=\"https:\/\/picasaweb.google.com\/105578781906319456393\/DnD27SousBock\" id=\"shashinAlbumThumbLink_img_27\" data-ShashinAlbum=\"27\" class=\"shashinAlbumThumbLink\"><img src=\"http:\/\/lh3.ggpht.com\/-a4dfukolxnk\/Tm4nCP1tG9E\/AAAAAAAAC8k\/UiOlXXNuuxw\/s160-c\/DnD27SousBock.jpg\" alt=\"DnD 27 : Sous bock\" title=\"DnD 27 : Sous bock\" width=\"160\" class=\"shashinThumbnailImage\" id=\"shashinThumbnailImage_12\" \/><\/a><\/div>\n<\/div>\n<\/div>\n<div class=\"shashinTableRowClear\">&nbsp;<\/div>\n<div class=\"shashinTableRow\">\n<div class=\"shashinTableCell\" data-original_width=\"33%\" style=\" width: 33%; max-width: 160px;\">\n<div class=\"shashinThumbnailWrapper\"><a href=\"https:\/\/picasaweb.google.com\/105578781906319456393\/DrinkAndDrawHorsSerie3?authkey=Gv1sRgCPz0q7PFkPDrOA\" id=\"shashinAlbumThumbLink_img_31\" data-ShashinAlbum=\"31\" class=\"shashinAlbumThumbLink\"><img src=\"http:\/\/lh3.ggpht.com\/-l7ZTKECqNJY\/TtZIr7DK0HE\/AAAAAAAADI0\/RLxtSnUlw88\/s160-c\/DrinkAndDrawHorsSerie3.jpg\" alt=\"Drink and Draw Hors s\u00e9rie 3\" title=\"Drink and Draw Hors s\u00e9rie 3\" width=\"160\" class=\"shashinThumbnailImage\" id=\"shashinThumbnailImage_13\" \/><\/a><\/div>\n<\/div>\n<div class=\"shashinTableCell\" data-original_width=\"33%\" style=\" width: 33%; max-width: 160px;\">\n<div class=\"shashinThumbnailWrapper\"><a href=\"https:\/\/picasaweb.google.com\/105578781906319456393\/DrinkandDraw2502\" id=\"shashinAlbumThumbLink_img_30\" data-ShashinAlbum=\"30\" class=\"shashinAlbumThumbLink\"><img src=\"http:\/\/lh6.ggpht.com\/-wi_v4epJE14\/Tqkns3oqxQE\/AAAAAAAADBo\/fGUsLEMY2H4\/s160-c\/DrinkandDraw2502.jpg\" alt=\"DrinkandDraw25\" title=\"DrinkandDraw25\" width=\"160\" class=\"shashinThumbnailImage\" id=\"shashinThumbnailImage_14\" \/><\/a><\/div>\n<\/div>\n<div class=\"shashinTableCell\" data-original_width=\"33%\" style=\" width: 33%; max-width: 160px;\">\n<div class=\"shashinThumbnailWrapper\"><a href=\"https:\/\/picasaweb.google.com\/105578781906319456393\/DrinkandDraw23?authkey=Gv1sRgCMKYnZnS-q6DmQE\" id=\"shashinAlbumThumbLink_img_28\" data-ShashinAlbum=\"28\" class=\"shashinAlbumThumbLink\"><img src=\"http:\/\/lh4.ggpht.com\/-VDNUWlRGr48\/TgMrd7-GawE\/AAAAAAAAC_w\/7WG7Tur_ud8\/s160-c\/DrinkandDraw23.jpg\" alt=\"DrinkandDraw23\" title=\"DrinkandDraw23\" width=\"160\" class=\"shashinThumbnailImage\" id=\"shashinThumbnailImage_15\" \/><\/a><\/div>\n<\/div>\n<\/div>\n<div class=\"shashinTableRowClear\">&nbsp;<\/div>\n<div class=\"shashinTableRow\">\n<div class=\"shashinTableCell\" data-original_width=\"33%\" style=\" width: 33%; max-width: 160px;\">\n<div class=\"shashinThumbnailWrapper\"><a href=\"https:\/\/picasaweb.google.com\/105578781906319456393\/DrinkAndDrawHorsSerie2?authkey=Gv1sRgCKOcmemVpKWvugE\" id=\"shashinAlbumThumbLink_img_26\" data-ShashinAlbum=\"26\" class=\"shashinAlbumThumbLink\"><img src=\"http:\/\/lh4.ggpht.com\/-RRsxRr1e2B8\/TgyDNcfHVDE\/AAAAAAAACdc\/1DcdTsn4oHE\/s160-c\/DrinkAndDrawHorsSerie2.jpg\" alt=\"Drink and Draw Hors s\u00e9rie 2\" title=\"Drink and Draw Hors s\u00e9rie 2\" width=\"160\" class=\"shashinThumbnailImage\" id=\"shashinThumbnailImage_16\" \/><\/a><\/div>\n<\/div>\n<div class=\"shashinTableCell\" data-original_width=\"33%\" style=\" width: 33%; max-width: 160px;\">\n<div class=\"shashinThumbnailWrapper\"><a href=\"https:\/\/picasaweb.google.com\/105578781906319456393\/DrinkandDrawHS1?authkey=Gv1sRgCN_tqfaXrrjitAE\" id=\"shashinAlbumThumbLink_img_25\" data-ShashinAlbum=\"25\" class=\"shashinAlbumThumbLink\"><img src=\"http:\/\/lh6.ggpht.com\/--kKZhcfKgXA\/TgM4wE2z_eE\/AAAAAAAACcw\/KT_cmWFb0SE\/s160-c\/DrinkandDrawHS1.jpg\" alt=\"DrinkandDrawHS1\" title=\"DrinkandDrawHS1\" width=\"160\" class=\"shashinThumbnailImage\" id=\"shashinThumbnailImage_17\" \/><\/a><\/div>\n<\/div>\n<div class=\"shashinTableCell\" data-original_width=\"33%\" style=\" width: 33%; max-width: 160px;\">\n<div class=\"shashinThumbnailWrapper\"><a href=\"https:\/\/picasaweb.google.com\/105578781906319456393\/DrinkandDraw22?authkey=Gv1sRgCOav4dzb1JaHRw\" id=\"shashinAlbumThumbLink_img_24\" data-ShashinAlbum=\"24\" class=\"shashinAlbumThumbLink\"><img src=\"http:\/\/lh3.ggpht.com\/-ZaqDMvt6H0E\/TdzzWWDqONE\/AAAAAAAACXw\/OiBVXr_71r4\/s160-c\/DrinkandDraw22.jpg\" alt=\"DrinkandDraw22\" title=\"DrinkandDraw22\" width=\"160\" class=\"shashinThumbnailImage\" id=\"shashinThumbnailImage_18\" \/><\/a><\/div>\n<\/div>\n<\/div>\n<div class=\"shashinTableRowClear\">&nbsp;<\/div>\n<div class=\"shashinTableRow\">\n<div class=\"shashinTableCell\" data-original_width=\"33%\" style=\" width: 33%; max-width: 160px;\">\n<div class=\"shashinThumbnailWrapper\"><a href=\"https:\/\/picasaweb.google.com\/105578781906319456393\/DrinkandDraw21?authkey=Gv1sRgCL7Nh9jOjavd2wE\" id=\"shashinAlbumThumbLink_img_23\" data-ShashinAlbum=\"23\" class=\"shashinAlbumThumbLink\"><img src=\"http:\/\/lh6.ggpht.com\/-KojmY_-Naeg\/TdzzM-lfHcE\/AAAAAAAACXg\/NYpwDzu1444\/s160-c\/DrinkandDraw21.jpg\" alt=\"DrinkandDraw21\" title=\"DrinkandDraw21\" width=\"160\" class=\"shashinThumbnailImage\" id=\"shashinThumbnailImage_19\" \/><\/a><\/div>\n<\/div>\n<div class=\"shashinTableCell\" data-original_width=\"33%\" style=\" width: 33%; max-width: 160px;\">\n<div class=\"shashinThumbnailWrapper\"><a href=\"https:\/\/picasaweb.google.com\/105578781906319456393\/DrinkandDraw20?authkey=Gv1sRgCKCttfeSw8612gE\" id=\"shashinAlbumThumbLink_img_22\" data-ShashinAlbum=\"22\" class=\"shashinAlbumThumbLink\"><img src=\"http:\/\/lh3.ggpht.com\/-wSJukyrsUdM\/TdzzD9C4aCE\/AAAAAAAACXY\/0vtwwzqgeOE\/s160-c\/DrinkandDraw20.jpg\" alt=\"DrinkandDraw20\" title=\"DrinkandDraw20\" width=\"160\" class=\"shashinThumbnailImage\" id=\"shashinThumbnailImage_20\" \/><\/a><\/div>\n<\/div>\n<div class=\"shashinTableCell\" data-original_width=\"33%\" style=\" width: 33%; max-width: 160px;\">\n<div class=\"shashinThumbnailWrapper\"><a href=\"https:\/\/picasaweb.google.com\/105578781906319456393\/DrinkandDraw19?authkey=Gv1sRgCOeo_rDzrfvGBw\" id=\"shashinAlbumThumbLink_img_21\" data-ShashinAlbum=\"21\" class=\"shashinAlbumThumbLink\"><img src=\"http:\/\/lh5.ggpht.com\/-qxWXwl34XA4\/Tdzy6l-33SE\/AAAAAAAACXI\/nSYJt38l91o\/s160-c\/DrinkandDraw19.jpg\" alt=\"DrinkandDraw19\" title=\"DrinkandDraw19\" width=\"160\" class=\"shashinThumbnailImage\" id=\"shashinThumbnailImage_21\" \/><\/a><\/div>\n<\/div>\n<\/div>\n<div class=\"shashinTableRowClear\">&nbsp;<\/div>\n<div class=\"shashinTableRow\">\n<div class=\"shashinTableCell\" data-original_width=\"33%\" style=\" width: 33%; max-width: 160px;\">\n<div class=\"shashinThumbnailWrapper\"><a href=\"https:\/\/picasaweb.google.com\/105578781906319456393\/DrinkandDraw18?authkey=Gv1sRgCJXCp8389Jf-qQE\" id=\"shashinAlbumThumbLink_img_20\" data-ShashinAlbum=\"20\" class=\"shashinAlbumThumbLink\"><img src=\"http:\/\/lh5.ggpht.com\/-w2vuqBkgyQo\/Tdzyy9t-XcE\/AAAAAAAACW8\/32Vd9n3sdac\/s160-c\/DrinkandDraw18.jpg\" alt=\"DrinkandDraw18\" title=\"DrinkandDraw18\" width=\"160\" class=\"shashinThumbnailImage\" id=\"shashinThumbnailImage_22\" \/><\/a><\/div>\n<\/div>\n<div class=\"shashinTableCell\" data-original_width=\"33%\" style=\" width: 33%; max-width: 160px;\">\n<div class=\"shashinThumbnailWrapper\"><a href=\"https:\/\/picasaweb.google.com\/105578781906319456393\/DrinkandDraw17?authkey=Gv1sRgCLzUjKDQ0LaRsQE\" id=\"shashinAlbumThumbLink_img_19\" data-ShashinAlbum=\"19\" class=\"shashinAlbumThumbLink\"><img src=\"http:\/\/lh5.ggpht.com\/-_MoHXExoHog\/TdzyqZjsjkE\/AAAAAAAACW0\/y9hFvnCu8YA\/s160-c\/DrinkandDraw17.jpg\" alt=\"DrinkandDraw17\" title=\"DrinkandDraw17\" width=\"160\" class=\"shashinThumbnailImage\" id=\"shashinThumbnailImage_23\" \/><\/a><\/div>\n<\/div>\n<div class=\"shashinTableCell\" data-original_width=\"33%\" style=\" width: 33%; max-width: 160px;\">\n<div class=\"shashinThumbnailWrapper\"><a href=\"https:\/\/picasaweb.google.com\/105578781906319456393\/DrinkandDraw16?authkey=Gv1sRgCK3KxLeMxLeDSw\" id=\"shashinAlbumThumbLink_img_18\" data-ShashinAlbum=\"18\" class=\"shashinAlbumThumbLink\"><img src=\"http:\/\/lh3.ggpht.com\/-Ur0K6QKeeY4\/TdzyfsPRw4E\/AAAAAAAACWs\/msqdhNKHQEM\/s160-c\/DrinkandDraw16.jpg\" alt=\"DrinkandDraw16\" title=\"DrinkandDraw16\" width=\"160\" class=\"shashinThumbnailImage\" id=\"shashinThumbnailImage_24\" \/><\/a><\/div>\n<\/div>\n<\/div>\n<div class=\"shashinTableRowClear\">&nbsp;<\/div>\n<div class=\"shashinTableRow\">\n<div class=\"shashinTableCell\" data-original_width=\"33%\" style=\" width: 33%; max-width: 160px;\">\n<div class=\"shashinThumbnailWrapper\"><a href=\"https:\/\/picasaweb.google.com\/105578781906319456393\/DrinkandDraw15?authkey=Gv1sRgCIqk-K6ZgPDw2gE\" id=\"shashinAlbumThumbLink_img_17\" data-ShashinAlbum=\"17\" class=\"shashinAlbumThumbLink\"><img src=\"http:\/\/lh6.ggpht.com\/-l5k5wYgHVkk\/TdzyTrLsg5E\/AAAAAAAACWc\/DVESmdcEyj4\/s160-c\/DrinkandDraw15.jpg\" alt=\"DrinkandDraw15\" title=\"DrinkandDraw15\" width=\"160\" class=\"shashinThumbnailImage\" id=\"shashinThumbnailImage_25\" \/><\/a><\/div>\n<\/div>\n<div class=\"shashinTableCell\" data-original_width=\"33%\" style=\" width: 33%; max-width: 160px;\">\n<div class=\"shashinThumbnailWrapper\"><a href=\"https:\/\/picasaweb.google.com\/105578781906319456393\/DrinkandDraw14?authkey=Gv1sRgCOrC-KevjJ6SRQ\" id=\"shashinAlbumThumbLink_img_16\" data-ShashinAlbum=\"16\" class=\"shashinAlbumThumbLink\"><img src=\"http:\/\/lh5.ggpht.com\/-4kA3x7fbejY\/TdzyHa2gP7E\/AAAAAAAACWQ\/9vWGB27-nuE\/s160-c\/DrinkandDraw14.jpg\" alt=\"DrinkandDraw14\" title=\"DrinkandDraw14\" width=\"160\" class=\"shashinThumbnailImage\" id=\"shashinThumbnailImage_26\" \/><\/a><\/div>\n<\/div>\n<div class=\"shashinTableCell\" data-original_width=\"33%\" style=\" width: 33%; max-width: 160px;\">\n<div class=\"shashinThumbnailWrapper\"><a href=\"https:\/\/picasaweb.google.com\/105578781906319456393\/DrinkandDraw13?authkey=Gv1sRgCPDQ6Mnj37Tk_gE\" id=\"shashinAlbumThumbLink_img_15\" data-ShashinAlbum=\"15\" class=\"shashinAlbumThumbLink\"><img src=\"http:\/\/lh5.ggpht.com\/-np-SFVyXcBY\/TdzyBjwrQnE\/AAAAAAAACWI\/YVxdf0pX3k0\/s160-c\/DrinkandDraw13.jpg\" alt=\"DrinkandDraw13\" title=\"DrinkandDraw13\" width=\"160\" class=\"shashinThumbnailImage\" id=\"shashinThumbnailImage_27\" \/><\/a><\/div>\n<\/div>\n<\/div>\n<div class=\"shashinTableRowClear\">&nbsp;<\/div>\n<div class=\"shashinTableRow\">\n<div class=\"shashinTableCell\" data-original_width=\"33%\" style=\" width: 33%; max-width: 160px;\">\n<div class=\"shashinThumbnailWrapper\"><a href=\"https:\/\/picasaweb.google.com\/105578781906319456393\/DrinkandDraw12?authkey=Gv1sRgCKqZ0vPQubHbRQ\" id=\"shashinAlbumThumbLink_img_14\" data-ShashinAlbum=\"14\" class=\"shashinAlbumThumbLink\"><img src=\"http:\/\/lh5.ggpht.com\/-pdTB5n4yLXg\/Tdzx5M3l3FE\/AAAAAAAACWA\/oZE4hNmBnfM\/s160-c\/DrinkandDraw12.jpg\" alt=\"DrinkandDraw12\" title=\"DrinkandDraw12\" width=\"160\" class=\"shashinThumbnailImage\" id=\"shashinThumbnailImage_28\" \/><\/a><\/div>\n<\/div>\n<div class=\"shashinTableCell\" data-original_width=\"33%\" style=\" width: 33%; max-width: 160px;\">\n<div class=\"shashinThumbnailWrapper\"><a href=\"https:\/\/picasaweb.google.com\/105578781906319456393\/DrinkandDraw11?authkey=Gv1sRgCOD8ioPu_MirkQE\" id=\"shashinAlbumThumbLink_img_13\" data-ShashinAlbum=\"13\" class=\"shashinAlbumThumbLink\"><img src=\"http:\/\/lh5.ggpht.com\/-6esAp9k3bnk\/Tdzxu3Gq95E\/AAAAAAAACV4\/1lT7zxxsgbk\/s160-c\/DrinkandDraw11.jpg\" alt=\"DrinkandDraw11\" title=\"DrinkandDraw11\" width=\"160\" class=\"shashinThumbnailImage\" id=\"shashinThumbnailImage_29\" \/><\/a><\/div>\n<\/div>\n<div class=\"shashinTableCell\" data-original_width=\"33%\" style=\" width: 33%; max-width: 160px;\">\n<div class=\"shashinThumbnailWrapper\"><a href=\"https:\/\/picasaweb.google.com\/105578781906319456393\/DrinkandDraw10?authkey=Gv1sRgCKX3sdGtn_2SUw\" id=\"shashinAlbumThumbLink_img_12\" data-ShashinAlbum=\"12\" class=\"shashinAlbumThumbLink\"><img src=\"http:\/\/lh4.ggpht.com\/-Ysoh-QhpAe4\/TdzxoQIPidE\/AAAAAAAACVw\/Cl9vnOqZN1k\/s160-c\/DrinkandDraw10.jpg\" alt=\"DrinkandDraw10\" title=\"DrinkandDraw10\" width=\"160\" class=\"shashinThumbnailImage\" id=\"shashinThumbnailImage_30\" \/><\/a><\/div>\n<\/div>\n<\/div>\n<div class=\"shashinTableRowClear\">&nbsp;<\/div>\n<div class=\"shashinTableRow\">\n<div class=\"shashinTableCell\" data-original_width=\"33%\" style=\" width: 33%; max-width: 160px;\">\n<div class=\"shashinThumbnailWrapper\"><a href=\"https:\/\/picasaweb.google.com\/105578781906319456393\/DrinkandDraw09?authkey=Gv1sRgCNX__-ns2r-79wE\" id=\"shashinAlbumThumbLink_img_11\" data-ShashinAlbum=\"11\" class=\"shashinAlbumThumbLink\"><img src=\"http:\/\/lh6.ggpht.com\/-ye4eC3goxSg\/TdzxVIy2YoE\/AAAAAAAACVc\/rJ8_kAEQl1Q\/s160-c\/DrinkandDraw09.jpg\" alt=\"DrinkandDraw09\" title=\"DrinkandDraw09\" width=\"160\" class=\"shashinThumbnailImage\" id=\"shashinThumbnailImage_31\" \/><\/a><\/div>\n<\/div>\n<div class=\"shashinTableCell\" data-original_width=\"33%\" style=\" width: 33%; max-width: 160px;\">\n<div class=\"shashinThumbnailWrapper\"><a href=\"https:\/\/picasaweb.google.com\/105578781906319456393\/DrinkandDraw08?authkey=Gv1sRgCPiZk9LWh6_XDg\" id=\"shashinAlbumThumbLink_img_10\" data-ShashinAlbum=\"10\" class=\"shashinAlbumThumbLink\"><img src=\"http:\/\/lh3.ggpht.com\/-pYvJmQvaOe8\/TdzxEZt2r8E\/AAAAAAAACVQ\/-Ua2vfxycPI\/s160-c\/DrinkandDraw08.jpg\" alt=\"DrinkandDraw08\" title=\"DrinkandDraw08\" width=\"160\" class=\"shashinThumbnailImage\" id=\"shashinThumbnailImage_32\" \/><\/a><\/div>\n<\/div>\n<div class=\"shashinTableCell\" data-original_width=\"33%\" style=\" width: 33%; max-width: 160px;\">\n<div class=\"shashinThumbnailWrapper\"><a href=\"https:\/\/picasaweb.google.com\/105578781906319456393\/DrinkandDraw07?authkey=Gv1sRgCOj1nYGb3qb_SQ\" id=\"shashinAlbumThumbLink_img_9\" data-ShashinAlbum=\"9\" class=\"shashinAlbumThumbLink\"><img src=\"http:\/\/lh5.ggpht.com\/-bXBQJ789jE4\/Tdzw7lm_SKE\/AAAAAAAACVI\/UxZKN6tqzNo\/s160-c\/DrinkandDraw07.jpg\" alt=\"DrinkandDraw07\" title=\"DrinkandDraw07\" width=\"160\" class=\"shashinThumbnailImage\" id=\"shashinThumbnailImage_33\" \/><\/a><\/div>\n<\/div>\n<\/div>\n<div class=\"shashinTableRowClear\">&nbsp;<\/div>\n<div class=\"shashinTableRow\">\n<div class=\"shashinTableCell\" data-original_width=\"33%\" style=\" width: 33%; max-width: 160px;\">\n<div class=\"shashinThumbnailWrapper\"><a href=\"https:\/\/picasaweb.google.com\/105578781906319456393\/DrinkandDraw06?authkey=Gv1sRgCMiV1qLp84WCVg\" id=\"shashinAlbumThumbLink_img_8\" data-ShashinAlbum=\"8\" class=\"shashinAlbumThumbLink\"><img src=\"http:\/\/lh4.ggpht.com\/-Az5NYBTt80I\/TdzwwgFy92E\/AAAAAAAACVA\/Aih5zPiXcVE\/s160-c\/DrinkandDraw06.jpg\" alt=\"DrinkandDraw06\" title=\"DrinkandDraw06\" width=\"160\" class=\"shashinThumbnailImage\" id=\"shashinThumbnailImage_34\" \/><\/a><\/div>\n<\/div>\n<div class=\"shashinTableCell\" data-original_width=\"33%\" style=\" width: 33%; max-width: 160px;\">\n<div class=\"shashinThumbnailWrapper\"><a href=\"https:\/\/picasaweb.google.com\/105578781906319456393\/DrinkandDraw05?authkey=Gv1sRgCJ3qh5qLpt-EZw\" id=\"shashinAlbumThumbLink_img_7\" data-ShashinAlbum=\"7\" class=\"shashinAlbumThumbLink\"><img src=\"http:\/\/lh3.ggpht.com\/-g_JXG3bs4fE\/TdzwmG7zuRE\/AAAAAAAACU0\/4GGmsukfc5M\/s160-c\/DrinkandDraw05.jpg\" alt=\"DrinkandDraw05\" title=\"DrinkandDraw05\" width=\"160\" class=\"shashinThumbnailImage\" id=\"shashinThumbnailImage_35\" \/><\/a><\/div>\n<\/div>\n<div class=\"shashinTableCell\" data-original_width=\"33%\" style=\" width: 33%; max-width: 160px;\">\n<div class=\"shashinThumbnailWrapper\"><a href=\"https:\/\/picasaweb.google.com\/105578781906319456393\/DrinkandDraw04?authkey=Gv1sRgCLLb1P2f0pvelQE\" id=\"shashinAlbumThumbLink_img_6\" data-ShashinAlbum=\"6\" class=\"shashinAlbumThumbLink\"><img src=\"http:\/\/lh5.ggpht.com\/-IdjdXOhrXR0\/TdzwZeioqGE\/AAAAAAAACYs\/mvEk_CvRAFU\/s160-c\/DrinkandDraw04.jpg\" alt=\"DrinkandDraw04\" title=\"DrinkandDraw04\" width=\"160\" class=\"shashinThumbnailImage\" id=\"shashinThumbnailImage_36\" \/><\/a><\/div>\n<\/div>\n<\/div>\n<div class=\"shashinTableRowClear\">&nbsp;<\/div>\n<div class=\"shashinTableRow\">\n<div class=\"shashinTableCell\" data-original_width=\"33%\" style=\" width: 33%; max-width: 160px;\">\n<div class=\"shashinThumbnailWrapper\"><a href=\"https:\/\/picasaweb.google.com\/105578781906319456393\/DrinkandDraw03\" id=\"shashinAlbumThumbLink_img_5\" data-ShashinAlbum=\"5\" class=\"shashinAlbumThumbLink\"><img src=\"https:\/\/lh4.googleusercontent.com\/-KEhnL-dZjtY\/TdzwExdVc4E\/AAAAAAAACUc\/Ceq39MtWpXE\/s160-c\/DrinkandDraw03.jpg\" alt=\"DrinkandDraw03\" title=\"DrinkandDraw03\" width=\"160\" class=\"shashinThumbnailImage\" id=\"shashinThumbnailImage_37\" \/><\/a><\/div>\n<\/div>\n<div class=\"shashinTableCell\" data-original_width=\"33%\" style=\" width: 33%; max-width: 160px;\">\n<div class=\"shashinThumbnailWrapper\"><a href=\"https:\/\/picasaweb.google.com\/105578781906319456393\/DrinkandDraw02\" id=\"shashinAlbumThumbLink_img_3\" data-ShashinAlbum=\"3\" class=\"shashinAlbumThumbLink\"><img src=\"https:\/\/lh3.googleusercontent.com\/-j533CdINl5A\/Tdzvl0agHVE\/AAAAAAAACYo\/NY8IyMshdTs\/s160-c\/DrinkandDraw02.jpg\" alt=\"DrinkandDraw02\" title=\"DrinkandDraw02\" width=\"160\" class=\"shashinThumbnailImage\" id=\"shashinThumbnailImage_38\" \/><\/a><\/div>\n<\/div>\n<div class=\"shashinTableCell\" data-original_width=\"33%\" style=\" width: 33%; max-width: 160px;\">\n<div class=\"shashinThumbnailWrapper\"><a href=\"https:\/\/picasaweb.google.com\/105578781906319456393\/DrinkandDraw01\" id=\"shashinAlbumThumbLink_img_4\" data-ShashinAlbum=\"4\" class=\"shashinAlbumThumbLink\"><img src=\"https:\/\/lh5.googleusercontent.com\/-GBZS9siK76w\/TdzvHwaaSZE\/AAAAAAAACYg\/XJN0j_GPxVg\/s160-c\/DrinkandDraw01.jpg\" alt=\"DrinkandDraw01\" title=\"DrinkandDraw01\" width=\"160\" class=\"shashinThumbnailImage\" id=\"shashinThumbnailImage_39\" \/><\/a><\/div>\n<\/div>\n<\/div>\n<div class=\"shashinTableRowClear\">&nbsp;<\/div>\n<div class=\"shashinCaptionBottom shashinCaption\"><\/div>\n<\/div>\n<\/div>\n<p>&nbsp;<\/p>\n","protected":false},"excerpt":{"rendered":"<p>Voici un aper\u00e7u des diff\u00e9rentes animations que nous avons r\u00e9alis\u00e9es au cours des pr\u00e9c\u00e9dents Drink and Draw. &nbsp; &nbsp; &nbsp; &nbsp; &nbsp; &nbsp; &nbsp; &nbsp; &nbsp; &nbsp; &nbsp; &nbsp; &nbsp; &nbsp;<\/p>\n","protected":false},"author":1,"featured_media":0,"parent":0,"menu_order":0,"comment_status":"open","ping_status":"open","template":"","meta":[],"_links":{"self":[{"href":"http:\/\/www.drinkanddraw-tlse.org\/index.php?rest_route=\/wp\/v2\/pages\/19"}],"collection":[{"href":"http:\/\/www.drinkanddraw-tlse.org\/index.php?rest_route=\/wp\/v2\/pages"}],"about":[{"href":"http:\/\/www.drinkanddraw-tlse.org\/index.php?rest_route=\/wp\/v2\/types\/page"}],"author":[{"embeddable":true,"href":"http:\/\/www.drinkanddraw-tlse.org\/index.php?rest_route=\/wp\/v2\/users\/1"}],"replies":[{"embeddable":true,"href":"http:\/\/www.drinkanddraw-tlse.org\/index.php?rest_route=%2Fwp%2Fv2%2Fcomments&post=19"}],"version-history":[{"count":29,"href":"http:\/\/www.drinkanddraw-tlse.org\/index.php?rest_route=\/wp\/v2\/pages\/19\/revisions"}],"predecessor-version":[{"id":21,"href":"http:\/\/www.drinkanddraw-tlse.org\/index.php?rest_route=\/wp\/v2\/pages\/19\/revisions\/21"}],"wp:attachment":[{"href":"http:\/\/www.drinkanddraw-tlse.org\/index.php?rest_route=%2Fwp%2Fv2%2Fmedia&parent=19"}],"curies":[{"name":"wp","href":"https:\/\/api.w.org\/{rel}","templated":true}]}}