{"id":46,"date":"2011-06-09T09:28:22","date_gmt":"2011-06-09T09:28:22","guid":{"rendered":"http:\/\/www.drinkanddraw-tlse.org\/?page_id=46"},"modified":"2023-09-27T13:11:14","modified_gmt":"2023-09-27T13:11:14","slug":"cest-quoi","status":"publish","type":"page","link":"http:\/\/www.drinkanddraw-tlse.org\/?page_id=46","title":{"rendered":"Le Drink and Draw Toulousain"},"content":{"rendered":"<p>Nous sommes l&rsquo;association <strong>Drink and Draw Toulouse<\/strong>, cr\u00e9\u00e9e en <strong>2009<\/strong>. Nous organisons des \u00e9v\u00e9nements autour du dessin dans des lieux surprenants tels que des bars, mus\u00e9es et m\u00e9diath\u00e8ques. Nos \u00e9v\u00e9nements sont ouverts \u00e0 tous, ind\u00e9pendamment de l&rsquo;\u00e2ge ou du niveau en dessin. Nous encourageons la participation de chacun, sans aucune obligation ni comp\u00e9tition.<\/p>\n<p>Chaque \u00e9v\u00e9nement est bas\u00e9 sur un th\u00e8me diff\u00e9rent qui guide les jeux \u00e0 dessiner. Nous cr\u00e9ons des jeux amusants et int\u00e9ressants pour les personnes qui savent bien dessiner, mais surtout pour celles qui ne savent pas dessiner. Chaque jeu comporte des aides au dessin et peut \u00eatre individuel ou collectif.<\/p>\n<p>Nous organisons principalement nos \u00e9v\u00e9nements dans des bars car l&rsquo;ambiance conviviale permet aux plus timides ou r\u00e9ticents de se sentir \u00e0 l&rsquo;aise, sans jugement ni critique de qualit\u00e9. C&rsquo;est un lieu o\u00f9 chacun peut se d\u00e9tendre et se laisser aller \u00e0 dessiner, tout en passant un bon moment avec des amis ou de nouvelles connaissances.<\/p>\n<p>Notre association est une plateforme id\u00e9ale pour cr\u00e9er des liens et promouvoir l&rsquo;expression artistique de chacun. Nous avons beaucoup de succ\u00e8s en organisant des \u00e9v\u00e9nements \u00e0 travers la ville et nous esp\u00e9rons collaborer avec d&rsquo;autres associations pour \u00e9tendre notre port\u00e9e et partager notre passion pour le dessin.<\/p>\n<p><strong>Nous esp\u00e9rons avoir la chance de travailler avec vous et de promouvoir ensemble l&rsquo;art et l&rsquo;expression \u00e0 travers la ville.<\/strong><\/p>\n<p><strong>N&rsquo;h\u00e9sitez plus et rejoignez-nous !<\/strong><\/p>\n","protected":false},"excerpt":{"rendered":"<p>Nous sommes l&rsquo;association Drink and Draw Toulouse, cr\u00e9\u00e9e en 2009. Nous organisons des \u00e9v\u00e9nements autour du dessin dans des lieux surprenants tels que des bars, mus\u00e9es et m\u00e9diath\u00e8ques. Nos \u00e9v\u00e9nements sont ouverts \u00e0 tous, ind\u00e9pendamment de l&rsquo;\u00e2ge ou du niveau en dessin. Nous encourageons la participation de chacun, sans aucune obligation ni comp\u00e9tition. Chaque \u00e9v\u00e9nement [&hellip;]<\/p>\n","protected":false},"author":1,"featured_media":0,"parent":0,"menu_order":0,"comment_status":"open","ping_status":"open","template":"","meta":[],"_links":{"self":[{"href":"http:\/\/www.drinkanddraw-tlse.org\/index.php?rest_route=\/wp\/v2\/pages\/46"}],"collection":[{"href":"http:\/\/www.drinkanddraw-tlse.org\/index.php?rest_route=\/wp\/v2\/pages"}],"about":[{"href":"http:\/\/www.drinkanddraw-tlse.org\/index.php?rest_route=\/wp\/v2\/types\/page"}],"author":[{"embeddable":true,"href":"http:\/\/www.drinkanddraw-tlse.org\/index.php?rest_route=\/wp\/v2\/users\/1"}],"replies":[{"embeddable":true,"href":"http:\/\/www.drinkanddraw-tlse.org\/index.php?rest_route=%2Fwp%2Fv2%2Fcomments&post=46"}],"version-history":[{"count":13,"href":"http:\/\/www.drinkanddraw-tlse.org\/index.php?rest_route=\/wp\/v2\/pages\/46\/revisions"}],"predecessor-version":[{"id":1111,"href":"http:\/\/www.drinkanddraw-tlse.org\/index.php?rest_route=\/wp\/v2\/pages\/46\/revisions\/1111"}],"wp:attachment":[{"href":"http:\/\/www.drinkanddraw-tlse.org\/index.php?rest_route=%2Fwp%2Fv2%2Fmedia&parent=46"}],"curies":[{"name":"wp","href":"https:\/\/api.w.org\/{rel}","templated":true}]}}