{"id":55,"date":"2011-06-13T15:27:56","date_gmt":"2011-06-13T15:27:56","guid":{"rendered":"http:\/\/www.drinkanddraw-tlse.org\/?page_id=55"},"modified":"2013-04-25T08:38:33","modified_gmt":"2013-04-25T08:38:33","slug":"cest-quand","status":"publish","type":"page","link":"http:\/\/www.drinkanddraw-tlse.org\/?page_id=55","title":{"rendered":"C&rsquo;est quand ?"},"content":{"rendered":"<p>Facile, c&rsquo;est le premier vendredi de chaque mois ! Sauf contre indication\u00a0exceptionnelle, les Drink and Draw ne s&rsquo;arr\u00eatent jamais !<\/p>\n<p>Mais en plus du rendez-vous mensuel, vous pouvez retrouvez de temps en temps, des Drink and Draw hors-s\u00e9rie. Pour plus s&rsquo;information concernant les DnD Hors-s\u00e9rie, c&rsquo;est <a title=\"Drink and Draw hors s\u00e9rie\" href=\"http:\/\/www.drinkanddraw-tlse.org\/?page_id=60\">l\u00e0<\/a> !<\/p>\n","protected":false},"excerpt":{"rendered":"<p>Facile, c&rsquo;est le premier vendredi de chaque mois ! Sauf contre indication\u00a0exceptionnelle, les Drink and Draw ne s&rsquo;arr\u00eatent jamais ! Mais en plus du rendez-vous mensuel, vous pouvez retrouvez de temps en temps, des Drink and Draw hors-s\u00e9rie. Pour plus s&rsquo;information concernant les DnD Hors-s\u00e9rie, c&rsquo;est l\u00e0 !<\/p>\n","protected":false},"author":1,"featured_media":0,"parent":0,"menu_order":0,"comment_status":"open","ping_status":"open","template":"","meta":[],"_links":{"self":[{"href":"http:\/\/www.drinkanddraw-tlse.org\/index.php?rest_route=\/wp\/v2\/pages\/55"}],"collection":[{"href":"http:\/\/www.drinkanddraw-tlse.org\/index.php?rest_route=\/wp\/v2\/pages"}],"about":[{"href":"http:\/\/www.drinkanddraw-tlse.org\/index.php?rest_route=\/wp\/v2\/types\/page"}],"author":[{"embeddable":true,"href":"http:\/\/www.drinkanddraw-tlse.org\/index.php?rest_route=\/wp\/v2\/users\/1"}],"replies":[{"embeddable":true,"href":"http:\/\/www.drinkanddraw-tlse.org\/index.php?rest_route=%2Fwp%2Fv2%2Fcomments&post=55"}],"version-history":[{"count":6,"href":"http:\/\/www.drinkanddraw-tlse.org\/index.php?rest_route=\/wp\/v2\/pages\/55\/revisions"}],"predecessor-version":[{"id":81,"href":"http:\/\/www.drinkanddraw-tlse.org\/index.php?rest_route=\/wp\/v2\/pages\/55\/revisions\/81"}],"wp:attachment":[{"href":"http:\/\/www.drinkanddraw-tlse.org\/index.php?rest_route=%2Fwp%2Fv2%2Fmedia&parent=55"}],"curies":[{"name":"wp","href":"https:\/\/api.w.org\/{rel}","templated":true}]}}